{"id":367857,"date":"2021-12-26T18:57:03","date_gmt":"2021-12-26T17:57:03","guid":{"rendered":"http:\/\/roccenere.com\/?page_id=367857"},"modified":"2022-12-06T23:35:29","modified_gmt":"2022-12-06T22:35:29","slug":"chi-siamo","status":"publish","type":"page","link":"https:\/\/roccenere.com\/en\/chi-siamo\/","title":{"rendered":"About Us"},"content":{"rendered":"\n[et_pb_section fb_built=&#8221;1&#8243; _builder_version=&#8221;4.17.6&#8243; _module_preset=&#8221;default&#8221; background_image=&#8221;http:\/\/roccenere.com\/wp-content\/uploads\/2021\/12\/IMG20211206135627-scaled.jpg&#8221; custom_margin=&#8221;-128px||0px||false|false&#8221; custom_padding=&#8221;46px||||false|false&#8221; global_colors_info=&#8221;{}&#8221;][et_pb_row _builder_version=&#8221;4.17.6&#8243; _module_preset=&#8221;default&#8221; global_colors_info=&#8221;{}&#8221;][et_pb_column type=&#8221;4_4&#8243; _builder_version=&#8221;4.17.6&#8243; _module_preset=&#8221;default&#8221; global_colors_info=&#8221;{}&#8221;][et_pb_text _builder_version=&#8221;4.17.6&#8243; _module_preset=&#8221;default&#8221; header_font=&#8221;Poiret One|700||on|||||&#8221; header_font_size=&#8221;80px&#8221; header_letter_spacing=&#8221;12px&#8221; header_line_height=&#8221;1.1em&#8221; text_orientation=&#8221;center&#8221; background_layout=&#8221;dark&#8221; custom_margin=&#8221;76px||373px||false|false&#8221; custom_padding=&#8221;0px||||false|false&#8221; header_font_size_tablet=&#8221;60px&#8221; header_font_size_phone=&#8221;40px&#8221; header_font_size_last_edited=&#8221;on|tablet&#8221; global_colors_info=&#8221;{}&#8221;]<h1>chi siamo<\/h1>[\/et_pb_text][\/et_pb_column][\/et_pb_row][\/et_pb_section][et_pb_section fb_built=&#8221;1&#8243; admin_label=&#8221;About&#8221; _builder_version=&#8221;4.16&#8243; _module_preset=&#8221;default&#8221; background_image=&#8221;http:\/\/roccenere.com\/wp-content\/uploads\/2021\/12\/pizzeria_76.jpg&#8221; custom_margin=&#8221;-118px||||false|false&#8221; locked=&#8221;off&#8221; global_colors_info=&#8221;{}&#8221;][et_pb_row column_structure=&#8221;2_5,3_5&#8243; make_equal=&#8221;on&#8221; _builder_version=&#8221;4.16&#8243; _module_preset=&#8221;default&#8221; background_enable_image=&#8221;off&#8221; background_size=&#8221;contain&#8221; background_position=&#8221;bottom_left&#8221; max_width=&#8221;960px&#8221; global_colors_info=&#8221;{}&#8221;][et_pb_column type=&#8221;2_5&#8243; _builder_version=&#8221;4.16&#8243; _module_preset=&#8221;default&#8221; global_colors_info=&#8221;{}&#8221;][et_pb_text _builder_version=&#8221;4.16&#8243; _module_preset=&#8221;default&#8221; text_font=&#8221;Montserrat|700|||||||&#8221; text_text_color=&#8221;#000000&#8243; text_font_size=&#8221;24px&#8221; text_line_height=&#8221;1.8em&#8221; header_3_font=&#8221;Montserrat|700|||||||&#8221; header_3_text_color=&#8221;#000000&#8243; header_3_font_size=&#8221;48px&#8221; background_color=&#8221;#e0af4a&#8221; z_index=&#8221;1&#8243; custom_margin=&#8221;-100px||||false|false&#8221; custom_margin_tablet=&#8221;0px||||false|false&#8221; custom_margin_phone=&#8221;&#8221; custom_margin_last_edited=&#8221;on|phone&#8221; custom_padding=&#8221;60px|60px|60px|60px|true|true&#8221; custom_padding_tablet=&#8221;30px|30px|30px|30px|true|true&#8221; custom_padding_phone=&#8221;30px|20px|30px|20px|true|true&#8221; custom_padding_last_edited=&#8221;on|phone&#8221; text_font_size_tablet=&#8221;20px&#8221; text_font_size_phone=&#8221;16px&#8221; text_font_size_last_edited=&#8221;on|phone&#8221; header_3_font_size_tablet=&#8221;38px&#8221; header_3_font_size_phone=&#8221;26px&#8221; header_3_font_size_last_edited=&#8221;on|desktop&#8221; global_colors_info=&#8221;{}&#8221;]<p>Since<\/p>\n<h3>1994<\/h3>[\/et_pb_text][\/et_pb_column][et_pb_column type=&#8221;3_5&#8243; _builder_version=&#8221;4.16&#8243; _module_preset=&#8221;default&#8221; global_colors_info=&#8221;{}&#8221;][et_pb_text _builder_version=&#8221;4.17.6&#8243; _module_preset=&#8221;default&#8221; header_2_font=&#8221;Montserrat|700||on|||||&#8221; header_2_font_size=&#8221;35px&#8221; header_2_letter_spacing=&#8221;6px&#8221; header_2_line_height=&#8221;1.2em&#8221; background_layout=&#8221;dark&#8221; header_2_font_size_tablet=&#8221;25px&#8221; header_2_font_size_phone=&#8221;19px&#8221; header_2_font_size_last_edited=&#8221;on|phone&#8221; global_colors_info=&#8221;{}&#8221;]<h2>un po di noi<\/h2>[\/et_pb_text][et_pb_text _builder_version=&#8221;4.19.2&#8243; _module_preset=&#8221;default&#8221; text_font=&#8221;Abhaya Libre||||||||&#8221; text_font_size=&#8221;18px&#8221; text_line_height=&#8221;1.8em&#8221; background_layout=&#8221;dark&#8221; max_width=&#8221;600px&#8221; custom_margin=&#8221;||||false|false&#8221; hover_enabled=&#8221;0&#8243; text_font_size_tablet=&#8221;&#8221; text_font_size_phone=&#8221;16px&#8221; text_font_size_last_edited=&#8221;on|phone&#8221; global_colors_info=&#8221;{}&#8221; sticky_enabled=&#8221;0&#8243;]<p>Siamo lieti di darvi il benvenuto al bar-ristorante &#8220;Rocce Nere&#8221;.<\/p>\n<p>Il nostro ristorante si trova a Sportinia esattamente dove 50 anni fa si scendeva dalla prima storica seggiovia che collegava Sauze d&#8217;Oulx al pianoro di Sportinia (il cui vero nome \u00e8 Clot Sabouiller).<\/p>\n<p>Proprio il piano della stazione di arrivo che si trovava nell\u2019allora \u201cAlbergo Turistico\u201d da noi acquistato negli anni 90, minuziosamente ristrutturato e successivamente ampliato, viene trasformato nel bar-ristorante \u201cRocce Nere\u201d.<\/p>\n<p>Oggi le vecchie seggiole biposto e i pali si sostegno in legno hanno lasciato il posto a due seggiovie quadriposto ad ammorsamento rapido che vi portano da noi sia partendo da Sauze d&#8217;Oulx che partendo dalla borgata Jouvenceaux.<\/p>\n<p><span>Il bar-ristorante \u201cRocce Nere\u201d piacevole punto ristoro nel cuore della \u201d<a href=\"https:\/\/www.vialattea.it\/\" target=\"_blank\" rel=\"noopener\">Via Lattea<\/a>\u201d con 400 km di piste e 92 impianti di risalita, immerso nella natura, \u00e8 rinomato per la qualit\u00e0 della sua cucina sempre alla ricerca del meglio, la cordiale ospitalit\u00e0, l\u2019ambiente curato e accogliente.<\/span><\/p>\n<p><span>La gestione familiare cura tutti i particolari dell\u2019attivit\u00e0: si parte dalla cucina per scoprire profumi e sapori tradizionali a volte rivisitati in una variet\u00e0 di nuove proposte, per poi arrivare nel confortevole ambiente della sala, luminosa e con splendida vista a 360\u00b0.<br \/>Anche la zona bar, frequentatissima da sciatori e da escursionisti che scelgono di utilizzare gli impianti adiacenti in inverno ed in estate, \u00e8 pronta ad accogliere e soddisfare ogni richiesta.<\/span><\/p>\n<p><span>Sull&#8217;ampia terrazza esterna, posizionata al centro del pianoro di Sportinia, ben riparata e soleggiata utilizzata nella stagione estiva ed invernale si possono trascorrere intere giornate in compagnia di ottima musica.<\/span><\/p>\n<p>Si organizzano, su prenotazione, merende sinoire , cene al tramonto e rientro con fiaccolata. Possibilit\u00e0 di cene con trasporto in motoslitta.<\/p>[\/et_pb_text][\/et_pb_column][\/et_pb_row][et_pb_row column_structure=&#8221;1_2,1_2&#8243; _builder_version=&#8221;4.17.4&#8243; _module_preset=&#8221;default&#8221; global_colors_info=&#8221;{}&#8221;][et_pb_column type=&#8221;1_2&#8243; _builder_version=&#8221;4.17.4&#8243; _module_preset=&#8221;default&#8221; global_colors_info=&#8221;{}&#8221;][et_pb_button button_url=&#8221;tel:+393486929154&#8243; button_text=&#8221;Prenota Ora&#8221; button_alignment=&#8221;center&#8221; _builder_version=&#8221;4.17.4&#8243; _module_preset=&#8221;default&#8221; custom_button=&#8221;on&#8221; button_text_size=&#8221;16px&#8221; button_text_color=&#8221;#000000&#8243; button_bg_color=&#8221;#F7E97E&#8221; button_border_width=&#8221;0px&#8221; button_border_radius=&#8221;5px&#8221; button_font=&#8221;|700|||||||&#8221; custom_margin=&#8221;13px||||false|false&#8221; custom_padding=&#8221;18px|53px|18px|53px|true|true&#8221; box_shadow_style=&#8221;preset2&#8243; box_shadow_horizontal=&#8221;13px&#8221; global_colors_info=&#8221;{}&#8221;][\/et_pb_button][\/et_pb_column][et_pb_column type=&#8221;1_2&#8243; _builder_version=&#8221;4.17.4&#8243; _module_preset=&#8221;default&#8221; global_colors_info=&#8221;{}&#8221;][et_pb_button button_url=&#8221;http:\/\/roccenere.com\/menu\/menu_roccenere.pdf&#8221; button_text=&#8221;Guarda il men\u00f9&#8221; button_alignment=&#8221;center&#8221; _builder_version=&#8221;4.19.2&#8243; _module_preset=&#8221;default&#8221; custom_button=&#8221;on&#8221; button_text_size=&#8221;16px&#8221; button_text_color=&#8221;#000000&#8243; button_bg_color=&#8221;#F7E97E&#8221; button_border_width=&#8221;0px&#8221; button_border_radius=&#8221;5px&#8221; button_font=&#8221;|700|||||||&#8221; custom_margin=&#8221;13px||||false|false&#8221; custom_padding=&#8221;18px|53px|18px|53px|true|true&#8221; hover_enabled=&#8221;0&#8243; box_shadow_style=&#8221;preset2&#8243; box_shadow_horizontal=&#8221;13px&#8221; global_colors_info=&#8221;{}&#8221; sticky_enabled=&#8221;0&#8243;][\/et_pb_button][\/et_pb_column][\/et_pb_row][\/et_pb_section][et_pb_section fb_built=&#8221;1&#8243; _builder_version=&#8221;4.17.6&#8243; _module_preset=&#8221;default&#8221; background_image=&#8221;http:\/\/roccenere.com\/wp-content\/uploads\/2022\/03\/IMG20220218111256-1.jpg&#8221; custom_margin=&#8221;0px||||false|false&#8221; custom_padding=&#8221;145px||145px||false|false&#8221; global_colors_info=&#8221;{}&#8221;][\/et_pb_section][et_pb_section fb_built=&#8221;1&#8243; specialty=&#8221;on&#8221; _builder_version=&#8221;4.16.0&#8243; _module_preset=&#8221;default&#8221; background_image=&#8221;http:\/\/roccenere.com\/wp-content\/uploads\/2021\/12\/pizzeria_31.jpg&#8221; global_colors_info=&#8221;{}&#8221;][et_pb_column type=&#8221;1_2&#8243; _builder_version=&#8221;4.16&#8243; custom_padding=&#8221;|||&#8221; global_colors_info=&#8221;{}&#8221; custom_padding__hover=&#8221;|||&#8221;][et_pb_image src=&#8221;http:\/\/roccenere.com\/wp-content\/uploads\/2022\/03\/IMG20220218111547.jpg&#8221; title_text=&#8221;IMG20220218111547&#8243; _builder_version=&#8221;4.16.0&#8243; _module_preset=&#8221;default&#8221; custom_margin=&#8221;-116px|||||&#8221; custom_padding=&#8221;0px|||||&#8221; global_colors_info=&#8221;{}&#8221;][\/et_pb_image][\/et_pb_column][et_pb_column type=&#8221;1_2&#8243; specialty_columns=&#8221;2&#8243; _builder_version=&#8221;4.16&#8243; custom_padding=&#8221;|||&#8221; global_colors_info=&#8221;{}&#8221; custom_padding__hover=&#8221;|||&#8221;][et_pb_row_inner column_structure=&#8221;1_2,1_2&#8243; _builder_version=&#8221;4.16.0&#8243; _module_preset=&#8221;default&#8221; global_colors_info=&#8221;{}&#8221;][et_pb_column_inner type=&#8221;1_2&#8243; saved_specialty_column_type=&#8221;1_2&#8243; _builder_version=&#8221;4.16.0&#8243; _module_preset=&#8221;default&#8221; global_colors_info=&#8221;{}&#8221;][et_pb_image src=&#8221;http:\/\/roccenere.com\/wp-content\/uploads\/2022\/03\/IMG20220218111411.jpg&#8221; title_text=&#8221;IMG20220218111411&#8243; _builder_version=&#8221;4.17.6&#8243; _module_preset=&#8221;default&#8221; width=&#8221;100%&#8221; custom_margin=&#8221;|-83px||-75px|false|false&#8221; custom_padding=&#8221;|0px||0px||&#8221; global_colors_info=&#8221;{}&#8221;][\/et_pb_image][\/et_pb_column_inner][et_pb_column_inner type=&#8221;1_2&#8243; saved_specialty_column_type=&#8221;1_2&#8243; _builder_version=&#8221;4.16.0&#8243; _module_preset=&#8221;default&#8221; global_colors_info=&#8221;{}&#8221;][et_pb_image src=&#8221;http:\/\/roccenere.com\/wp-content\/uploads\/2022\/03\/IMG20211206140019.jpg&#8221; title_text=&#8221;IMG20211206140019&#8243; _builder_version=&#8221;4.16.0&#8243; _module_preset=&#8221;default&#8221; custom_margin=&#8221;-61px|||-100px||&#8221; global_colors_info=&#8221;{}&#8221;][\/et_pb_image][\/et_pb_column_inner][\/et_pb_row_inner][et_pb_row_inner _builder_version=&#8221;4.16.0&#8243; _module_preset=&#8221;default&#8221; custom_padding=&#8221;||49px|||&#8221; global_colors_info=&#8221;{}&#8221;][et_pb_column_inner saved_specialty_column_type=&#8221;1_2&#8243; _builder_version=&#8221;4.16.0&#8243; _module_preset=&#8221;default&#8221; global_colors_info=&#8221;{}&#8221;][et_pb_image src=&#8221;http:\/\/roccenere.com\/wp-content\/uploads\/2022\/03\/IMG20220218111806.jpg&#8221; title_text=&#8221;IMG20220218111806&#8243; _builder_version=&#8221;4.16.0&#8243; _module_preset=&#8221;default&#8221; width=&#8221;100%&#8221; custom_margin=&#8221;-58px|-70px|-22px|-90px||&#8221; custom_padding=&#8221;|0px|0px|85px||&#8221; global_colors_info=&#8221;{}&#8221;][\/et_pb_image][\/et_pb_column_inner][\/et_pb_row_inner][\/et_pb_column][\/et_pb_section]\n","protected":false},"excerpt":{"rendered":"<p>chi siamoSince 1994un po di noiSiamo lieti di darvi il benvenuto al bar-ristorante &#8220;Rocce Nere&#8221;. Il nostro ristorante si trova a Sportinia esattamente dove 50 anni fa si scendeva dalla prima storica seggiovia che collegava Sauze d&#8217;Oulx al pianoro di Sportinia (il cui vero nome \u00e8 Clot Sabouiller). Proprio il piano della stazione di arrivo [&hellip;]<\/p>\n","protected":false},"author":1,"featured_media":0,"parent":0,"menu_order":0,"comment_status":"closed","ping_status":"closed","template":"","meta":{"_et_pb_use_builder":"on","_et_pb_old_content":"","_et_gb_content_width":"","footnotes":""},"class_list":["post-367857","page","type-page","status-publish","hentry"],"_links":{"self":[{"href":"https:\/\/roccenere.com\/en\/wp-json\/wp\/v2\/pages\/367857","targetHints":{"allow":["GET"]}}],"collection":[{"href":"https:\/\/roccenere.com\/en\/wp-json\/wp\/v2\/pages"}],"about":[{"href":"https:\/\/roccenere.com\/en\/wp-json\/wp\/v2\/types\/page"}],"author":[{"embeddable":true,"href":"https:\/\/roccenere.com\/en\/wp-json\/wp\/v2\/users\/1"}],"replies":[{"embeddable":true,"href":"https:\/\/roccenere.com\/en\/wp-json\/wp\/v2\/comments?post=367857"}],"version-history":[{"count":16,"href":"https:\/\/roccenere.com\/en\/wp-json\/wp\/v2\/pages\/367857\/revisions"}],"predecessor-version":[{"id":368296,"href":"https:\/\/roccenere.com\/en\/wp-json\/wp\/v2\/pages\/367857\/revisions\/368296"}],"wp:attachment":[{"href":"https:\/\/roccenere.com\/en\/wp-json\/wp\/v2\/media?parent=367857"}],"curies":[{"name":"wp","href":"https:\/\/api.w.org\/{rel}","templated":true}]}}